{"id":20843,"date":"2021-08-06T11:17:04","date_gmt":"2021-08-06T09:17:04","guid":{"rendered":"https:\/\/vidrosky.pl\/fotoobrazy\/?post_type=product&#038;p=20843"},"modified":"2021-08-06T11:18:10","modified_gmt":"2021-08-06T09:18:10","slug":"wieczorna-panorama-nysy-z-jeziorem-w-tle","status":"publish","type":"product","link":"https:\/\/vidrosky.pl\/fotoobrazy\/produkt\/wieczorna-panorama-nysy-z-jeziorem-w-tle\/","title":{"rendered":"Wieczorna panorama Nysy z jeziorem w tle"},"content":{"rendered":"<p>Fotoobraz \u2013 <strong>Wieczorna panorama Nysy z jeziorem w tle<\/strong>\u00a0b\u0119dzie pi\u0119knie prezentowa\u0142 si\u0119 w domu czy biurze.<\/p>\n<p>Nysa to pi\u0119kne miasto po\u0142o\u017cone niedaleko Otmuchowa, Grodkowa i G\u0142ucho\u0142az, na Przedg\u00f3rzu Sudeckim. To tu zrodzi\u0142a si\u0119 nasza pasja i zaj\u0119cie, kt\u00f3re kontynuujemy ju\u017c od kilku lat.<\/p>\n<p>Fotografie, kt\u00f3re zamieszczamy w naszym sklepie wykonujemy w\u0142asnor\u0119cznie. Nie korzystamy ze stock\u00f3w czyli tzw. gotowc\u00f3w i nie sprzedajemy czyjej\u015b pracy. Wszystkie zdj\u0119cia s\u0105 oryginalne i warto\u015bciowe.<\/p>\n<p>Nasze Fotoobrazy drukujemy na p\u0142\u00f3tnie, a czas ich realizacji to tylko maksymalnie 72 godziny.<\/p>\n<p>Jak zrobi\u0107 zakupy? to proste!<\/p>\n<ul>\n<li>Wybierz z menu dowolny rozmiar i przenie\u015b go do koszyka,<\/li>\n<li>Wype\u0142nij formularz wysy\u0142ki<\/li>\n<li>Przejd\u017a do bezpiecznej p\u0142atno\u015bci Online!<\/li>\n<li>Ciesz si\u0119 pi\u0119knym fotoobrazem<\/li>\n<\/ul>\n<p>Sprawd\u017a pozosta\u0142e nasze Fotoobrazy w galerii, lub skorzystaj z podpowiedzi poni\u017cej.<\/p>\n<p>Odwied\u017a tak\u017ce nasz\u0105 stron\u0119 internetow\u0105 i sprawd\u017a co mamy jeszcze do zaoferowania! <a href=\"http:\/\/www.vidrosky.pl\">www.vidrosky.pl<\/a><\/p>\n","protected":false},"excerpt":{"rendered":"<p>Fotoobraz \u2013 Wieczorna panorama Nysy z jeziorem w tle\u00a0b\u0119dzie pi\u0119knie prezentowa\u0142 si\u0119 w domu czy biurze. Nysa to pi\u0119kne miasto [&hellip;]<\/p>\n","protected":false},"featured_media":20554,"comment_status":"open","ping_status":"closed","template":"","meta":[],"product_brand":[],"product_cat":[88],"product_tag":[127,98,106,90,110,134,105],"class_list":{"0":"post-20843","1":"product","2":"type-product","3":"status-publish","4":"has-post-thumbnail","6":"product_cat-fotoobrazy","7":"product_tag-centrum","8":"product_tag-dron","9":"product_tag-jezioro","10":"product_tag-nysa","11":"product_tag-rzeka","12":"product_tag-wieczorne","13":"product_tag-zachod-slonca","15":"first","16":"instock","17":"taxable","18":"shipping-taxable","19":"purchasable","20":"product-type-variable"},"yoast_head":"<!-- This site is optimized with the Yoast SEO plugin v27.3 - https:\/\/yoast.com\/product\/yoast-seo-wordpress\/ -->\n<title>Wieczorna panorama Nysy z jeziorem w tle - Wydruk zdj\u0119\u0107 w formie fotoobraz\u00f3w<\/title>\n<meta name=\"robots\" content=\"index, follow, max-snippet:-1, max-image-preview:large, max-video-preview:-1\" \/>\n<link rel=\"canonical\" href=\"https:\/\/vidrosky.pl\/fotoobrazy\/produkt\/wieczorna-panorama-nysy-z-jeziorem-w-tle\/\" \/>\n<meta property=\"og:locale\" content=\"pl_PL\" \/>\n<meta property=\"og:type\" content=\"article\" \/>\n<meta property=\"og:title\" content=\"Wieczorna panorama Nysy z jeziorem w tle - Wydruk zdj\u0119\u0107 w formie fotoobraz\u00f3w\" \/>\n<meta property=\"og:description\" content=\"Fotoobraz \u2013 Wieczorna panorama Nysy z jeziorem w tle\u00a0b\u0119dzie pi\u0119knie prezentowa\u0142 si\u0119 w domu czy biurze. Nysa to pi\u0119kne miasto [&hellip;]\" \/>\n<meta property=\"og:url\" content=\"https:\/\/vidrosky.pl\/fotoobrazy\/produkt\/wieczorna-panorama-nysy-z-jeziorem-w-tle\/\" \/>\n<meta property=\"og:site_name\" content=\"Wydruk zdj\u0119\u0107 w formie fotoobraz\u00f3w\" \/>\n<meta property=\"article:modified_time\" content=\"2021-08-06T09:18:10+00:00\" \/>\n<meta property=\"og:image\" content=\"https:\/\/i0.wp.com\/vidrosky.pl\/fotoobrazy\/wp-content\/uploads\/2021\/08\/Fotoobraz-48.jpg?fit=1280%2C960&ssl=1\" \/>\n\t<meta property=\"og:image:width\" content=\"1280\" \/>\n\t<meta property=\"og:image:height\" content=\"960\" \/>\n\t<meta property=\"og:image:type\" content=\"image\/jpeg\" \/>\n<meta name=\"twitter:card\" content=\"summary_large_image\" \/>\n<meta name=\"twitter:label1\" content=\"Szacowany czas czytania\" \/>\n\t<meta name=\"twitter:data1\" content=\"1 minuta\" \/>\n<script type=\"application\/ld+json\" class=\"yoast-schema-graph\">{\"@context\":\"https:\\\/\\\/schema.org\",\"@graph\":[{\"@type\":\"WebPage\",\"@id\":\"https:\\\/\\\/vidrosky.pl\\\/fotoobrazy\\\/produkt\\\/wieczorna-panorama-nysy-z-jeziorem-w-tle\\\/\",\"url\":\"https:\\\/\\\/vidrosky.pl\\\/fotoobrazy\\\/produkt\\\/wieczorna-panorama-nysy-z-jeziorem-w-tle\\\/\",\"name\":\"Wieczorna panorama Nysy z jeziorem w tle - Wydruk zdj\u0119\u0107 w formie fotoobraz\u00f3w\",\"isPartOf\":{\"@id\":\"https:\\\/\\\/vidrosky.pl\\\/fotoobrazy\\\/#website\"},\"primaryImageOfPage\":{\"@id\":\"https:\\\/\\\/vidrosky.pl\\\/fotoobrazy\\\/produkt\\\/wieczorna-panorama-nysy-z-jeziorem-w-tle\\\/#primaryimage\"},\"image\":{\"@id\":\"https:\\\/\\\/vidrosky.pl\\\/fotoobrazy\\\/produkt\\\/wieczorna-panorama-nysy-z-jeziorem-w-tle\\\/#primaryimage\"},\"thumbnailUrl\":\"https:\\\/\\\/i0.wp.com\\\/vidrosky.pl\\\/fotoobrazy\\\/wp-content\\\/uploads\\\/2021\\\/08\\\/Fotoobraz-48.jpg?fit=1280%2C960&ssl=1\",\"datePublished\":\"2021-08-06T09:17:04+00:00\",\"dateModified\":\"2021-08-06T09:18:10+00:00\",\"breadcrumb\":{\"@id\":\"https:\\\/\\\/vidrosky.pl\\\/fotoobrazy\\\/produkt\\\/wieczorna-panorama-nysy-z-jeziorem-w-tle\\\/#breadcrumb\"},\"inLanguage\":\"pl-PL\",\"potentialAction\":[{\"@type\":\"ReadAction\",\"target\":[\"https:\\\/\\\/vidrosky.pl\\\/fotoobrazy\\\/produkt\\\/wieczorna-panorama-nysy-z-jeziorem-w-tle\\\/\"]}]},{\"@type\":\"ImageObject\",\"inLanguage\":\"pl-PL\",\"@id\":\"https:\\\/\\\/vidrosky.pl\\\/fotoobrazy\\\/produkt\\\/wieczorna-panorama-nysy-z-jeziorem-w-tle\\\/#primaryimage\",\"url\":\"https:\\\/\\\/i0.wp.com\\\/vidrosky.pl\\\/fotoobrazy\\\/wp-content\\\/uploads\\\/2021\\\/08\\\/Fotoobraz-48.jpg?fit=1280%2C960&ssl=1\",\"contentUrl\":\"https:\\\/\\\/i0.wp.com\\\/vidrosky.pl\\\/fotoobrazy\\\/wp-content\\\/uploads\\\/2021\\\/08\\\/Fotoobraz-48.jpg?fit=1280%2C960&ssl=1\",\"width\":1280,\"height\":960,\"caption\":\"Wieczorna panorama Nysy z jeziorem w tle\"},{\"@type\":\"BreadcrumbList\",\"@id\":\"https:\\\/\\\/vidrosky.pl\\\/fotoobrazy\\\/produkt\\\/wieczorna-panorama-nysy-z-jeziorem-w-tle\\\/#breadcrumb\",\"itemListElement\":[{\"@type\":\"ListItem\",\"position\":1,\"name\":\"Strona g\u0142\u00f3wna\",\"item\":\"https:\\\/\\\/vidrosky.pl\\\/fotoobrazy\\\/\"},{\"@type\":\"ListItem\",\"position\":2,\"name\":\"Sklep\",\"item\":\"https:\\\/\\\/vidrosky.pl\\\/fotoobrazy\\\/\"},{\"@type\":\"ListItem\",\"position\":3,\"name\":\"Wieczorna panorama Nysy z jeziorem w tle\"}]},{\"@type\":\"WebSite\",\"@id\":\"https:\\\/\\\/vidrosky.pl\\\/fotoobrazy\\\/#website\",\"url\":\"https:\\\/\\\/vidrosky.pl\\\/fotoobrazy\\\/\",\"name\":\"Wydruk zdj\u0119\u0107 w formie fotoobraz\u00f3w\",\"description\":\"Zobacz obrazy z naszej kolekcji, wydrukujemy te\u017c Twoje zdj\u0119cie jako foto obraz\",\"publisher\":{\"@id\":\"https:\\\/\\\/vidrosky.pl\\\/fotoobrazy\\\/#organization\"},\"potentialAction\":[{\"@type\":\"SearchAction\",\"target\":{\"@type\":\"EntryPoint\",\"urlTemplate\":\"https:\\\/\\\/vidrosky.pl\\\/fotoobrazy\\\/?s={search_term_string}\"},\"query-input\":{\"@type\":\"PropertyValueSpecification\",\"valueRequired\":true,\"valueName\":\"search_term_string\"}}],\"inLanguage\":\"pl-PL\"},{\"@type\":\"Organization\",\"@id\":\"https:\\\/\\\/vidrosky.pl\\\/fotoobrazy\\\/#organization\",\"name\":\"Sklep online z Fotoobrazami z Nysy\",\"url\":\"https:\\\/\\\/vidrosky.pl\\\/fotoobrazy\\\/\",\"logo\":{\"@type\":\"ImageObject\",\"inLanguage\":\"pl-PL\",\"@id\":\"https:\\\/\\\/vidrosky.pl\\\/fotoobrazy\\\/#\\\/schema\\\/logo\\\/image\\\/\",\"url\":\"https:\\\/\\\/i0.wp.com\\\/vidrosky.pl\\\/fotoobrazy\\\/wp-content\\\/uploads\\\/2020\\\/09\\\/Piastowska-Palmy-1.jpg?fit=1920%2C1439&ssl=1\",\"contentUrl\":\"https:\\\/\\\/i0.wp.com\\\/vidrosky.pl\\\/fotoobrazy\\\/wp-content\\\/uploads\\\/2020\\\/09\\\/Piastowska-Palmy-1.jpg?fit=1920%2C1439&ssl=1\",\"width\":1920,\"height\":1439,\"caption\":\"Sklep online z Fotoobrazami z Nysy\"},\"image\":{\"@id\":\"https:\\\/\\\/vidrosky.pl\\\/fotoobrazy\\\/#\\\/schema\\\/logo\\\/image\\\/\"}}]}<\/script>\n<!-- \/ Yoast SEO plugin. -->","yoast_head_json":{"title":"Wieczorna panorama Nysy z jeziorem w tle - Wydruk zdj\u0119\u0107 w formie fotoobraz\u00f3w","robots":{"index":"index","follow":"follow","max-snippet":"max-snippet:-1","max-image-preview":"max-image-preview:large","max-video-preview":"max-video-preview:-1"},"canonical":"https:\/\/vidrosky.pl\/fotoobrazy\/produkt\/wieczorna-panorama-nysy-z-jeziorem-w-tle\/","og_locale":"pl_PL","og_type":"article","og_title":"Wieczorna panorama Nysy z jeziorem w tle - Wydruk zdj\u0119\u0107 w formie fotoobraz\u00f3w","og_description":"Fotoobraz \u2013 Wieczorna panorama Nysy z jeziorem w tle\u00a0b\u0119dzie pi\u0119knie prezentowa\u0142 si\u0119 w domu czy biurze. Nysa to pi\u0119kne miasto [&hellip;]","og_url":"https:\/\/vidrosky.pl\/fotoobrazy\/produkt\/wieczorna-panorama-nysy-z-jeziorem-w-tle\/","og_site_name":"Wydruk zdj\u0119\u0107 w formie fotoobraz\u00f3w","article_modified_time":"2021-08-06T09:18:10+00:00","og_image":[{"width":1280,"height":960,"url":"https:\/\/i0.wp.com\/vidrosky.pl\/fotoobrazy\/wp-content\/uploads\/2021\/08\/Fotoobraz-48.jpg?fit=1280%2C960&ssl=1","type":"image\/jpeg"}],"twitter_card":"summary_large_image","twitter_misc":{"Szacowany czas czytania":"1 minuta"},"schema":{"@context":"https:\/\/schema.org","@graph":[{"@type":"WebPage","@id":"https:\/\/vidrosky.pl\/fotoobrazy\/produkt\/wieczorna-panorama-nysy-z-jeziorem-w-tle\/","url":"https:\/\/vidrosky.pl\/fotoobrazy\/produkt\/wieczorna-panorama-nysy-z-jeziorem-w-tle\/","name":"Wieczorna panorama Nysy z jeziorem w tle - Wydruk zdj\u0119\u0107 w formie fotoobraz\u00f3w","isPartOf":{"@id":"https:\/\/vidrosky.pl\/fotoobrazy\/#website"},"primaryImageOfPage":{"@id":"https:\/\/vidrosky.pl\/fotoobrazy\/produkt\/wieczorna-panorama-nysy-z-jeziorem-w-tle\/#primaryimage"},"image":{"@id":"https:\/\/vidrosky.pl\/fotoobrazy\/produkt\/wieczorna-panorama-nysy-z-jeziorem-w-tle\/#primaryimage"},"thumbnailUrl":"https:\/\/i0.wp.com\/vidrosky.pl\/fotoobrazy\/wp-content\/uploads\/2021\/08\/Fotoobraz-48.jpg?fit=1280%2C960&ssl=1","datePublished":"2021-08-06T09:17:04+00:00","dateModified":"2021-08-06T09:18:10+00:00","breadcrumb":{"@id":"https:\/\/vidrosky.pl\/fotoobrazy\/produkt\/wieczorna-panorama-nysy-z-jeziorem-w-tle\/#breadcrumb"},"inLanguage":"pl-PL","potentialAction":[{"@type":"ReadAction","target":["https:\/\/vidrosky.pl\/fotoobrazy\/produkt\/wieczorna-panorama-nysy-z-jeziorem-w-tle\/"]}]},{"@type":"ImageObject","inLanguage":"pl-PL","@id":"https:\/\/vidrosky.pl\/fotoobrazy\/produkt\/wieczorna-panorama-nysy-z-jeziorem-w-tle\/#primaryimage","url":"https:\/\/i0.wp.com\/vidrosky.pl\/fotoobrazy\/wp-content\/uploads\/2021\/08\/Fotoobraz-48.jpg?fit=1280%2C960&ssl=1","contentUrl":"https:\/\/i0.wp.com\/vidrosky.pl\/fotoobrazy\/wp-content\/uploads\/2021\/08\/Fotoobraz-48.jpg?fit=1280%2C960&ssl=1","width":1280,"height":960,"caption":"Wieczorna panorama Nysy z jeziorem w tle"},{"@type":"BreadcrumbList","@id":"https:\/\/vidrosky.pl\/fotoobrazy\/produkt\/wieczorna-panorama-nysy-z-jeziorem-w-tle\/#breadcrumb","itemListElement":[{"@type":"ListItem","position":1,"name":"Strona g\u0142\u00f3wna","item":"https:\/\/vidrosky.pl\/fotoobrazy\/"},{"@type":"ListItem","position":2,"name":"Sklep","item":"https:\/\/vidrosky.pl\/fotoobrazy\/"},{"@type":"ListItem","position":3,"name":"Wieczorna panorama Nysy z jeziorem w tle"}]},{"@type":"WebSite","@id":"https:\/\/vidrosky.pl\/fotoobrazy\/#website","url":"https:\/\/vidrosky.pl\/fotoobrazy\/","name":"Wydruk zdj\u0119\u0107 w formie fotoobraz\u00f3w","description":"Zobacz obrazy z naszej kolekcji, wydrukujemy te\u017c Twoje zdj\u0119cie jako foto obraz","publisher":{"@id":"https:\/\/vidrosky.pl\/fotoobrazy\/#organization"},"potentialAction":[{"@type":"SearchAction","target":{"@type":"EntryPoint","urlTemplate":"https:\/\/vidrosky.pl\/fotoobrazy\/?s={search_term_string}"},"query-input":{"@type":"PropertyValueSpecification","valueRequired":true,"valueName":"search_term_string"}}],"inLanguage":"pl-PL"},{"@type":"Organization","@id":"https:\/\/vidrosky.pl\/fotoobrazy\/#organization","name":"Sklep online z Fotoobrazami z Nysy","url":"https:\/\/vidrosky.pl\/fotoobrazy\/","logo":{"@type":"ImageObject","inLanguage":"pl-PL","@id":"https:\/\/vidrosky.pl\/fotoobrazy\/#\/schema\/logo\/image\/","url":"https:\/\/i0.wp.com\/vidrosky.pl\/fotoobrazy\/wp-content\/uploads\/2020\/09\/Piastowska-Palmy-1.jpg?fit=1920%2C1439&ssl=1","contentUrl":"https:\/\/i0.wp.com\/vidrosky.pl\/fotoobrazy\/wp-content\/uploads\/2020\/09\/Piastowska-Palmy-1.jpg?fit=1920%2C1439&ssl=1","width":1920,"height":1439,"caption":"Sklep online z Fotoobrazami z Nysy"},"image":{"@id":"https:\/\/vidrosky.pl\/fotoobrazy\/#\/schema\/logo\/image\/"}}]}},"jetpack_sharing_enabled":true,"_links":{"self":[{"href":"https:\/\/vidrosky.pl\/fotoobrazy\/wp-json\/wp\/v2\/product\/20843","targetHints":{"allow":["GET"]}}],"collection":[{"href":"https:\/\/vidrosky.pl\/fotoobrazy\/wp-json\/wp\/v2\/product"}],"about":[{"href":"https:\/\/vidrosky.pl\/fotoobrazy\/wp-json\/wp\/v2\/types\/product"}],"replies":[{"embeddable":true,"href":"https:\/\/vidrosky.pl\/fotoobrazy\/wp-json\/wp\/v2\/comments?post=20843"}],"wp:featuredmedia":[{"embeddable":true,"href":"https:\/\/vidrosky.pl\/fotoobrazy\/wp-json\/wp\/v2\/media\/20554"}],"wp:attachment":[{"href":"https:\/\/vidrosky.pl\/fotoobrazy\/wp-json\/wp\/v2\/media?parent=20843"}],"wp:term":[{"taxonomy":"product_brand","embeddable":true,"href":"https:\/\/vidrosky.pl\/fotoobrazy\/wp-json\/wp\/v2\/product_brand?post=20843"},{"taxonomy":"product_cat","embeddable":true,"href":"https:\/\/vidrosky.pl\/fotoobrazy\/wp-json\/wp\/v2\/product_cat?post=20843"},{"taxonomy":"product_tag","embeddable":true,"href":"https:\/\/vidrosky.pl\/fotoobrazy\/wp-json\/wp\/v2\/product_tag?post=20843"}],"curies":[{"name":"wp","href":"https:\/\/api.w.org\/{rel}","templated":true}]}}