{"id":20018,"date":"2020-07-11T09:42:47","date_gmt":"2020-07-11T07:42:47","guid":{"rendered":"https:\/\/vidrosky.pl\/sklep-inspiracji\/?post_type=product&#038;p=20018"},"modified":"2021-08-03T20:48:36","modified_gmt":"2021-08-03T18:48:36","slug":"fotoobraz-jezioro-nyskie-plaza","status":"publish","type":"product","link":"https:\/\/vidrosky.pl\/fotoobrazy\/produkt\/fotoobraz-jezioro-nyskie-plaza\/","title":{"rendered":"Fotoobraz &#8211; Jezioro Nyskie Pla\u017ca"},"content":{"rendered":"<p>Fotoobraz drukowany na p\u0142\u00f3tnie &#8211; czas realizacji do 72h<\/p>\n<p>Obraz w wybranym rozmiarze po zakupie zostanie wys\u0142any najszybciej jak to mo\u017cliwe.<\/p>\n","protected":false},"excerpt":{"rendered":"<p>Fotoobraz drukowany na p\u0142\u00f3tnie &#8211; czas realizacji do 72h Obraz w wybranym rozmiarze po zakupie zostanie wys\u0142any najszybciej jak to [&hellip;]<\/p>\n","protected":false},"featured_media":19925,"comment_status":"open","ping_status":"closed","template":"","meta":[],"product_brand":[],"product_cat":[88],"product_tag":[98,106,90],"class_list":{"0":"post-20018","1":"product","2":"type-product","3":"status-publish","4":"has-post-thumbnail","6":"product_cat-fotoobrazy","7":"product_tag-dron","8":"product_tag-jezioro","9":"product_tag-nysa","11":"first","12":"instock","13":"taxable","14":"shipping-taxable","15":"purchasable","16":"product-type-variable"},"yoast_head":"<!-- This site is optimized with the Yoast SEO plugin v27.5 - https:\/\/yoast.com\/product\/yoast-seo-wordpress\/ -->\n<title>Fotoobraz - Jezioro Nyskie Pla\u017ca - Wydruk zdj\u0119\u0107 w formie fotoobraz\u00f3w<\/title>\n<meta name=\"robots\" content=\"index, follow, max-snippet:-1, max-image-preview:large, max-video-preview:-1\" \/>\n<link rel=\"canonical\" href=\"https:\/\/vidrosky.pl\/fotoobrazy\/produkt\/fotoobraz-jezioro-nyskie-plaza\/\" \/>\n<meta property=\"og:locale\" content=\"pl_PL\" \/>\n<meta property=\"og:type\" content=\"article\" \/>\n<meta property=\"og:title\" content=\"Fotoobraz - Jezioro Nyskie Pla\u017ca - Wydruk zdj\u0119\u0107 w formie fotoobraz\u00f3w\" \/>\n<meta property=\"og:description\" content=\"Fotoobraz drukowany na p\u0142\u00f3tnie &#8211; czas realizacji do 72h Obraz w wybranym rozmiarze po zakupie zostanie wys\u0142any najszybciej jak to [&hellip;]\" \/>\n<meta property=\"og:url\" content=\"https:\/\/vidrosky.pl\/fotoobrazy\/produkt\/fotoobraz-jezioro-nyskie-plaza\/\" \/>\n<meta property=\"og:site_name\" content=\"Wydruk zdj\u0119\u0107 w formie fotoobraz\u00f3w\" \/>\n<meta property=\"article:modified_time\" content=\"2021-08-03T18:48:36+00:00\" \/>\n<meta property=\"og:image\" content=\"https:\/\/i2.wp.com\/vidrosky.pl\/fotoobrazy\/wp-content\/uploads\/2020\/06\/DJI_0032-min.jpg?fit=971%2C728&ssl=1\" \/>\n\t<meta property=\"og:image:width\" content=\"971\" \/>\n\t<meta property=\"og:image:height\" content=\"728\" \/>\n\t<meta property=\"og:image:type\" content=\"image\/jpeg\" \/>\n<meta name=\"twitter:card\" content=\"summary_large_image\" \/>\n<script type=\"application\/ld+json\" class=\"yoast-schema-graph\">{\"@context\":\"https:\\\/\\\/schema.org\",\"@graph\":[{\"@type\":\"WebPage\",\"@id\":\"https:\\\/\\\/vidrosky.pl\\\/fotoobrazy\\\/produkt\\\/fotoobraz-jezioro-nyskie-plaza\\\/\",\"url\":\"https:\\\/\\\/vidrosky.pl\\\/fotoobrazy\\\/produkt\\\/fotoobraz-jezioro-nyskie-plaza\\\/\",\"name\":\"Fotoobraz - Jezioro Nyskie Pla\u017ca - Wydruk zdj\u0119\u0107 w formie fotoobraz\u00f3w\",\"isPartOf\":{\"@id\":\"https:\\\/\\\/vidrosky.pl\\\/fotoobrazy\\\/#website\"},\"primaryImageOfPage\":{\"@id\":\"https:\\\/\\\/vidrosky.pl\\\/fotoobrazy\\\/produkt\\\/fotoobraz-jezioro-nyskie-plaza\\\/#primaryimage\"},\"image\":{\"@id\":\"https:\\\/\\\/vidrosky.pl\\\/fotoobrazy\\\/produkt\\\/fotoobraz-jezioro-nyskie-plaza\\\/#primaryimage\"},\"thumbnailUrl\":\"https:\\\/\\\/i0.wp.com\\\/vidrosky.pl\\\/fotoobrazy\\\/wp-content\\\/uploads\\\/2020\\\/06\\\/DJI_0032-min.jpg?fit=971%2C728&ssl=1\",\"datePublished\":\"2020-07-11T07:42:47+00:00\",\"dateModified\":\"2021-08-03T18:48:36+00:00\",\"breadcrumb\":{\"@id\":\"https:\\\/\\\/vidrosky.pl\\\/fotoobrazy\\\/produkt\\\/fotoobraz-jezioro-nyskie-plaza\\\/#breadcrumb\"},\"inLanguage\":\"pl-PL\",\"potentialAction\":[{\"@type\":\"ReadAction\",\"target\":[\"https:\\\/\\\/vidrosky.pl\\\/fotoobrazy\\\/produkt\\\/fotoobraz-jezioro-nyskie-plaza\\\/\"]}]},{\"@type\":\"ImageObject\",\"inLanguage\":\"pl-PL\",\"@id\":\"https:\\\/\\\/vidrosky.pl\\\/fotoobrazy\\\/produkt\\\/fotoobraz-jezioro-nyskie-plaza\\\/#primaryimage\",\"url\":\"https:\\\/\\\/i0.wp.com\\\/vidrosky.pl\\\/fotoobrazy\\\/wp-content\\\/uploads\\\/2020\\\/06\\\/DJI_0032-min.jpg?fit=971%2C728&ssl=1\",\"contentUrl\":\"https:\\\/\\\/i0.wp.com\\\/vidrosky.pl\\\/fotoobrazy\\\/wp-content\\\/uploads\\\/2020\\\/06\\\/DJI_0032-min.jpg?fit=971%2C728&ssl=1\",\"width\":971,\"height\":728,\"caption\":\"Fotoobraz - Jezioro Nyskie Pla\u017ca\"},{\"@type\":\"BreadcrumbList\",\"@id\":\"https:\\\/\\\/vidrosky.pl\\\/fotoobrazy\\\/produkt\\\/fotoobraz-jezioro-nyskie-plaza\\\/#breadcrumb\",\"itemListElement\":[{\"@type\":\"ListItem\",\"position\":1,\"name\":\"Strona g\u0142\u00f3wna\",\"item\":\"https:\\\/\\\/vidrosky.pl\\\/fotoobrazy\\\/\"},{\"@type\":\"ListItem\",\"position\":2,\"name\":\"Sklep\",\"item\":\"https:\\\/\\\/vidrosky.pl\\\/fotoobrazy\\\/\"},{\"@type\":\"ListItem\",\"position\":3,\"name\":\"Fotoobraz &#8211; Jezioro Nyskie Pla\u017ca\"}]},{\"@type\":\"WebSite\",\"@id\":\"https:\\\/\\\/vidrosky.pl\\\/fotoobrazy\\\/#website\",\"url\":\"https:\\\/\\\/vidrosky.pl\\\/fotoobrazy\\\/\",\"name\":\"Wydruk zdj\u0119\u0107 w formie fotoobraz\u00f3w\",\"description\":\"Zobacz obrazy z naszej kolekcji, wydrukujemy te\u017c Twoje zdj\u0119cie jako foto obraz\",\"publisher\":{\"@id\":\"https:\\\/\\\/vidrosky.pl\\\/fotoobrazy\\\/#organization\"},\"potentialAction\":[{\"@type\":\"SearchAction\",\"target\":{\"@type\":\"EntryPoint\",\"urlTemplate\":\"https:\\\/\\\/vidrosky.pl\\\/fotoobrazy\\\/?s={search_term_string}\"},\"query-input\":{\"@type\":\"PropertyValueSpecification\",\"valueRequired\":true,\"valueName\":\"search_term_string\"}}],\"inLanguage\":\"pl-PL\"},{\"@type\":\"Organization\",\"@id\":\"https:\\\/\\\/vidrosky.pl\\\/fotoobrazy\\\/#organization\",\"name\":\"Sklep online z Fotoobrazami z Nysy\",\"url\":\"https:\\\/\\\/vidrosky.pl\\\/fotoobrazy\\\/\",\"logo\":{\"@type\":\"ImageObject\",\"inLanguage\":\"pl-PL\",\"@id\":\"https:\\\/\\\/vidrosky.pl\\\/fotoobrazy\\\/#\\\/schema\\\/logo\\\/image\\\/\",\"url\":\"https:\\\/\\\/i0.wp.com\\\/vidrosky.pl\\\/fotoobrazy\\\/wp-content\\\/uploads\\\/2020\\\/09\\\/Piastowska-Palmy-1.jpg?fit=1920%2C1439&ssl=1\",\"contentUrl\":\"https:\\\/\\\/i0.wp.com\\\/vidrosky.pl\\\/fotoobrazy\\\/wp-content\\\/uploads\\\/2020\\\/09\\\/Piastowska-Palmy-1.jpg?fit=1920%2C1439&ssl=1\",\"width\":1920,\"height\":1439,\"caption\":\"Sklep online z Fotoobrazami z Nysy\"},\"image\":{\"@id\":\"https:\\\/\\\/vidrosky.pl\\\/fotoobrazy\\\/#\\\/schema\\\/logo\\\/image\\\/\"}}]}<\/script>\n<!-- \/ Yoast SEO plugin. -->","yoast_head_json":{"title":"Fotoobraz - Jezioro Nyskie Pla\u017ca - Wydruk zdj\u0119\u0107 w formie fotoobraz\u00f3w","robots":{"index":"index","follow":"follow","max-snippet":"max-snippet:-1","max-image-preview":"max-image-preview:large","max-video-preview":"max-video-preview:-1"},"canonical":"https:\/\/vidrosky.pl\/fotoobrazy\/produkt\/fotoobraz-jezioro-nyskie-plaza\/","og_locale":"pl_PL","og_type":"article","og_title":"Fotoobraz - Jezioro Nyskie Pla\u017ca - Wydruk zdj\u0119\u0107 w formie fotoobraz\u00f3w","og_description":"Fotoobraz drukowany na p\u0142\u00f3tnie &#8211; czas realizacji do 72h Obraz w wybranym rozmiarze po zakupie zostanie wys\u0142any najszybciej jak to [&hellip;]","og_url":"https:\/\/vidrosky.pl\/fotoobrazy\/produkt\/fotoobraz-jezioro-nyskie-plaza\/","og_site_name":"Wydruk zdj\u0119\u0107 w formie fotoobraz\u00f3w","article_modified_time":"2021-08-03T18:48:36+00:00","og_image":[{"width":971,"height":728,"url":"https:\/\/i2.wp.com\/vidrosky.pl\/fotoobrazy\/wp-content\/uploads\/2020\/06\/DJI_0032-min.jpg?fit=971%2C728&ssl=1","type":"image\/jpeg"}],"twitter_card":"summary_large_image","schema":{"@context":"https:\/\/schema.org","@graph":[{"@type":"WebPage","@id":"https:\/\/vidrosky.pl\/fotoobrazy\/produkt\/fotoobraz-jezioro-nyskie-plaza\/","url":"https:\/\/vidrosky.pl\/fotoobrazy\/produkt\/fotoobraz-jezioro-nyskie-plaza\/","name":"Fotoobraz - Jezioro Nyskie Pla\u017ca - Wydruk zdj\u0119\u0107 w formie fotoobraz\u00f3w","isPartOf":{"@id":"https:\/\/vidrosky.pl\/fotoobrazy\/#website"},"primaryImageOfPage":{"@id":"https:\/\/vidrosky.pl\/fotoobrazy\/produkt\/fotoobraz-jezioro-nyskie-plaza\/#primaryimage"},"image":{"@id":"https:\/\/vidrosky.pl\/fotoobrazy\/produkt\/fotoobraz-jezioro-nyskie-plaza\/#primaryimage"},"thumbnailUrl":"https:\/\/i0.wp.com\/vidrosky.pl\/fotoobrazy\/wp-content\/uploads\/2020\/06\/DJI_0032-min.jpg?fit=971%2C728&ssl=1","datePublished":"2020-07-11T07:42:47+00:00","dateModified":"2021-08-03T18:48:36+00:00","breadcrumb":{"@id":"https:\/\/vidrosky.pl\/fotoobrazy\/produkt\/fotoobraz-jezioro-nyskie-plaza\/#breadcrumb"},"inLanguage":"pl-PL","potentialAction":[{"@type":"ReadAction","target":["https:\/\/vidrosky.pl\/fotoobrazy\/produkt\/fotoobraz-jezioro-nyskie-plaza\/"]}]},{"@type":"ImageObject","inLanguage":"pl-PL","@id":"https:\/\/vidrosky.pl\/fotoobrazy\/produkt\/fotoobraz-jezioro-nyskie-plaza\/#primaryimage","url":"https:\/\/i0.wp.com\/vidrosky.pl\/fotoobrazy\/wp-content\/uploads\/2020\/06\/DJI_0032-min.jpg?fit=971%2C728&ssl=1","contentUrl":"https:\/\/i0.wp.com\/vidrosky.pl\/fotoobrazy\/wp-content\/uploads\/2020\/06\/DJI_0032-min.jpg?fit=971%2C728&ssl=1","width":971,"height":728,"caption":"Fotoobraz - Jezioro Nyskie Pla\u017ca"},{"@type":"BreadcrumbList","@id":"https:\/\/vidrosky.pl\/fotoobrazy\/produkt\/fotoobraz-jezioro-nyskie-plaza\/#breadcrumb","itemListElement":[{"@type":"ListItem","position":1,"name":"Strona g\u0142\u00f3wna","item":"https:\/\/vidrosky.pl\/fotoobrazy\/"},{"@type":"ListItem","position":2,"name":"Sklep","item":"https:\/\/vidrosky.pl\/fotoobrazy\/"},{"@type":"ListItem","position":3,"name":"Fotoobraz &#8211; Jezioro Nyskie Pla\u017ca"}]},{"@type":"WebSite","@id":"https:\/\/vidrosky.pl\/fotoobrazy\/#website","url":"https:\/\/vidrosky.pl\/fotoobrazy\/","name":"Wydruk zdj\u0119\u0107 w formie fotoobraz\u00f3w","description":"Zobacz obrazy z naszej kolekcji, wydrukujemy te\u017c Twoje zdj\u0119cie jako foto obraz","publisher":{"@id":"https:\/\/vidrosky.pl\/fotoobrazy\/#organization"},"potentialAction":[{"@type":"SearchAction","target":{"@type":"EntryPoint","urlTemplate":"https:\/\/vidrosky.pl\/fotoobrazy\/?s={search_term_string}"},"query-input":{"@type":"PropertyValueSpecification","valueRequired":true,"valueName":"search_term_string"}}],"inLanguage":"pl-PL"},{"@type":"Organization","@id":"https:\/\/vidrosky.pl\/fotoobrazy\/#organization","name":"Sklep online z Fotoobrazami z Nysy","url":"https:\/\/vidrosky.pl\/fotoobrazy\/","logo":{"@type":"ImageObject","inLanguage":"pl-PL","@id":"https:\/\/vidrosky.pl\/fotoobrazy\/#\/schema\/logo\/image\/","url":"https:\/\/i0.wp.com\/vidrosky.pl\/fotoobrazy\/wp-content\/uploads\/2020\/09\/Piastowska-Palmy-1.jpg?fit=1920%2C1439&ssl=1","contentUrl":"https:\/\/i0.wp.com\/vidrosky.pl\/fotoobrazy\/wp-content\/uploads\/2020\/09\/Piastowska-Palmy-1.jpg?fit=1920%2C1439&ssl=1","width":1920,"height":1439,"caption":"Sklep online z Fotoobrazami z Nysy"},"image":{"@id":"https:\/\/vidrosky.pl\/fotoobrazy\/#\/schema\/logo\/image\/"}}]}},"jetpack_sharing_enabled":true,"_links":{"self":[{"href":"https:\/\/vidrosky.pl\/fotoobrazy\/wp-json\/wp\/v2\/product\/20018","targetHints":{"allow":["GET"]}}],"collection":[{"href":"https:\/\/vidrosky.pl\/fotoobrazy\/wp-json\/wp\/v2\/product"}],"about":[{"href":"https:\/\/vidrosky.pl\/fotoobrazy\/wp-json\/wp\/v2\/types\/product"}],"replies":[{"embeddable":true,"href":"https:\/\/vidrosky.pl\/fotoobrazy\/wp-json\/wp\/v2\/comments?post=20018"}],"wp:featuredmedia":[{"embeddable":true,"href":"https:\/\/vidrosky.pl\/fotoobrazy\/wp-json\/wp\/v2\/media\/19925"}],"wp:attachment":[{"href":"https:\/\/vidrosky.pl\/fotoobrazy\/wp-json\/wp\/v2\/media?parent=20018"}],"wp:term":[{"taxonomy":"product_brand","embeddable":true,"href":"https:\/\/vidrosky.pl\/fotoobrazy\/wp-json\/wp\/v2\/product_brand?post=20018"},{"taxonomy":"product_cat","embeddable":true,"href":"https:\/\/vidrosky.pl\/fotoobrazy\/wp-json\/wp\/v2\/product_cat?post=20018"},{"taxonomy":"product_tag","embeddable":true,"href":"https:\/\/vidrosky.pl\/fotoobrazy\/wp-json\/wp\/v2\/product_tag?post=20018"}],"curies":[{"name":"wp","href":"https:\/\/api.w.org\/{rel}","templated":true}]}}