{"id":19765,"date":"2020-06-07T09:55:13","date_gmt":"2020-06-07T07:55:13","guid":{"rendered":"https:\/\/vidrosky.pl\/sklep-inspiracji\/?post_type=product&#038;p=19765"},"modified":"2023-03-13T20:16:19","modified_gmt":"2023-03-13T19:16:19","slug":"jezioro-nyskie-o-zachodzie","status":"publish","type":"product","link":"https:\/\/vidrosky.pl\/fotoobrazy\/produkt\/jezioro-nyskie-o-zachodzie\/","title":{"rendered":"Fotoobraz &#8211; Jezioro Nyskie o Zachodzie"},"content":{"rendered":"<p>Fotoobraz drukowany na p\u0142\u00f3tnie &#8211; czas realizacji do 72h<\/p>\n<p>Obraz w wybranym rozmiarze po zakupie zostanie wys\u0142any najszybciej jak to mo\u017cliwe.<\/p>\n","protected":false},"excerpt":{"rendered":"<p>Obraz przedstawia widok na jezioro Nyskie o zachodzie s\u0142o\u0144ca. Na pierwszym planie wida\u0107 piaszczyst\u0105 pla\u017c\u0119, kt\u00f3ra ci\u0105gnie si\u0119 wzd\u0142u\u017c brzegu jeziora. Na pla\u017cy znajduj\u0105 si\u0119 drewniane molo oraz kilka \u0142odzi. W tle widoczne s\u0105 g\u00f3ry, a na niebie pojawiaj\u0105 si\u0119 odcienie czerwieni, pomara\u0144czy i \u017c\u00f3\u0142ci, kt\u00f3re tworz\u0105 malowniczy zach\u00f3d s\u0142o\u0144ca. Woda jeziora jest spokojna i tworzy pi\u0119kne odbicia zachodz\u0105cego s\u0142o\u0144ca. Obraz oddaje pi\u0119kno natury i atmosfer\u0119 romantycznego zachodu s\u0142o\u0144ca nad jeziorem. Kolory s\u0105 jasne i nasycone, co dodaje obrazowi g\u0142\u0119bi i dynamiki. Ca\u0142o\u015b\u0107 jest bardzo realistyczna i oddaje pi\u0119kno tego konkretnego miejsca.<\/p>\n","protected":false},"featured_media":20569,"comment_status":"open","ping_status":"closed","template":"","meta":[],"product_brand":[],"product_cat":[88],"product_tag":[98,106,90,105],"class_list":{"0":"post-19765","1":"product","2":"type-product","3":"status-publish","4":"has-post-thumbnail","6":"product_cat-fotoobrazy","7":"product_tag-dron","8":"product_tag-jezioro","9":"product_tag-nysa","10":"product_tag-zachod-slonca","12":"first","13":"instock","14":"featured","15":"taxable","16":"shipping-taxable","17":"purchasable","18":"product-type-variable"},"yoast_head":"<!-- This site is optimized with the Yoast SEO plugin v27.3 - https:\/\/yoast.com\/product\/yoast-seo-wordpress\/ -->\n<title>Fotoobraz - Jezioro Nyskie o Zachodzie<\/title>\n<meta name=\"description\" content=\"Obraz przedstawia widok na jezioro Nyskie o zachodzie s\u0142o\u0144ca. Na pierwszym planie wida\u0107 piaszczyst\u0105 pla\u017c\u0119, kt\u00f3ra ci\u0105gnie si\u0119 wzd\u0142u\u017c brzegu jeziora.\" \/>\n<meta name=\"robots\" content=\"index, follow, max-snippet:-1, max-image-preview:large, max-video-preview:-1\" \/>\n<link rel=\"canonical\" href=\"https:\/\/vidrosky.pl\/fotoobrazy\/produkt\/jezioro-nyskie-o-zachodzie\/\" \/>\n<meta property=\"og:locale\" content=\"pl_PL\" \/>\n<meta property=\"og:type\" content=\"article\" \/>\n<meta property=\"og:title\" content=\"Fotoobraz - Jezioro Nyskie o Zachodzie\" \/>\n<meta property=\"og:description\" content=\"Obraz przedstawia widok na jezioro Nyskie o zachodzie s\u0142o\u0144ca. Na pierwszym planie wida\u0107 piaszczyst\u0105 pla\u017c\u0119, kt\u00f3ra ci\u0105gnie si\u0119 wzd\u0142u\u017c brzegu jeziora.\" \/>\n<meta property=\"og:url\" content=\"https:\/\/vidrosky.pl\/fotoobrazy\/produkt\/jezioro-nyskie-o-zachodzie\/\" \/>\n<meta property=\"og:site_name\" content=\"Wydruk zdj\u0119\u0107 w formie fotoobraz\u00f3w\" \/>\n<meta property=\"article:modified_time\" content=\"2023-03-13T19:16:19+00:00\" \/>\n<meta property=\"og:image\" content=\"https:\/\/vidrosky.pl\/fotoobrazy\/wp-content\/uploads\/2021\/08\/Fotoobraz-63.jpg\" \/>\n\t<meta property=\"og:image:width\" content=\"1280\" \/>\n\t<meta property=\"og:image:height\" content=\"960\" \/>\n\t<meta property=\"og:image:type\" content=\"image\/jpeg\" \/>\n<meta name=\"twitter:card\" content=\"summary_large_image\" \/>\n<meta name=\"twitter:label1\" content=\"Szacowany czas czytania\" \/>\n\t<meta name=\"twitter:data1\" content=\"1 minuta\" \/>\n<script type=\"application\/ld+json\" class=\"yoast-schema-graph\">{\"@context\":\"https:\\\/\\\/schema.org\",\"@graph\":[{\"@type\":\"WebPage\",\"@id\":\"https:\\\/\\\/vidrosky.pl\\\/fotoobrazy\\\/produkt\\\/jezioro-nyskie-o-zachodzie\\\/\",\"url\":\"https:\\\/\\\/vidrosky.pl\\\/fotoobrazy\\\/produkt\\\/jezioro-nyskie-o-zachodzie\\\/\",\"name\":\"Fotoobraz - Jezioro Nyskie o Zachodzie\",\"isPartOf\":{\"@id\":\"https:\\\/\\\/vidrosky.pl\\\/fotoobrazy\\\/#website\"},\"primaryImageOfPage\":{\"@id\":\"https:\\\/\\\/vidrosky.pl\\\/fotoobrazy\\\/produkt\\\/jezioro-nyskie-o-zachodzie\\\/#primaryimage\"},\"image\":{\"@id\":\"https:\\\/\\\/vidrosky.pl\\\/fotoobrazy\\\/produkt\\\/jezioro-nyskie-o-zachodzie\\\/#primaryimage\"},\"thumbnailUrl\":\"https:\\\/\\\/i0.wp.com\\\/vidrosky.pl\\\/fotoobrazy\\\/wp-content\\\/uploads\\\/2021\\\/08\\\/Fotoobraz-63.jpg?fit=1280%2C960&ssl=1\",\"datePublished\":\"2020-06-07T07:55:13+00:00\",\"dateModified\":\"2023-03-13T19:16:19+00:00\",\"description\":\"Obraz przedstawia widok na jezioro Nyskie o zachodzie s\u0142o\u0144ca. Na pierwszym planie wida\u0107 piaszczyst\u0105 pla\u017c\u0119, kt\u00f3ra ci\u0105gnie si\u0119 wzd\u0142u\u017c brzegu jeziora.\",\"breadcrumb\":{\"@id\":\"https:\\\/\\\/vidrosky.pl\\\/fotoobrazy\\\/produkt\\\/jezioro-nyskie-o-zachodzie\\\/#breadcrumb\"},\"inLanguage\":\"pl-PL\",\"potentialAction\":[{\"@type\":\"ReadAction\",\"target\":[\"https:\\\/\\\/vidrosky.pl\\\/fotoobrazy\\\/produkt\\\/jezioro-nyskie-o-zachodzie\\\/\"]}]},{\"@type\":\"ImageObject\",\"inLanguage\":\"pl-PL\",\"@id\":\"https:\\\/\\\/vidrosky.pl\\\/fotoobrazy\\\/produkt\\\/jezioro-nyskie-o-zachodzie\\\/#primaryimage\",\"url\":\"https:\\\/\\\/i0.wp.com\\\/vidrosky.pl\\\/fotoobrazy\\\/wp-content\\\/uploads\\\/2021\\\/08\\\/Fotoobraz-63.jpg?fit=1280%2C960&ssl=1\",\"contentUrl\":\"https:\\\/\\\/i0.wp.com\\\/vidrosky.pl\\\/fotoobrazy\\\/wp-content\\\/uploads\\\/2021\\\/08\\\/Fotoobraz-63.jpg?fit=1280%2C960&ssl=1\",\"width\":1280,\"height\":960,\"caption\":\"Jezioro Nyskie o zachodzie s\u0142o\u0144ca\"},{\"@type\":\"BreadcrumbList\",\"@id\":\"https:\\\/\\\/vidrosky.pl\\\/fotoobrazy\\\/produkt\\\/jezioro-nyskie-o-zachodzie\\\/#breadcrumb\",\"itemListElement\":[{\"@type\":\"ListItem\",\"position\":1,\"name\":\"Strona g\u0142\u00f3wna\",\"item\":\"https:\\\/\\\/vidrosky.pl\\\/fotoobrazy\\\/\"},{\"@type\":\"ListItem\",\"position\":2,\"name\":\"Sklep\",\"item\":\"https:\\\/\\\/vidrosky.pl\\\/fotoobrazy\\\/\"},{\"@type\":\"ListItem\",\"position\":3,\"name\":\"Fotoobraz &#8211; Jezioro Nyskie o Zachodzie\"}]},{\"@type\":\"WebSite\",\"@id\":\"https:\\\/\\\/vidrosky.pl\\\/fotoobrazy\\\/#website\",\"url\":\"https:\\\/\\\/vidrosky.pl\\\/fotoobrazy\\\/\",\"name\":\"Wydruk zdj\u0119\u0107 w formie fotoobraz\u00f3w\",\"description\":\"Zobacz obrazy z naszej kolekcji, wydrukujemy te\u017c Twoje zdj\u0119cie jako foto obraz\",\"publisher\":{\"@id\":\"https:\\\/\\\/vidrosky.pl\\\/fotoobrazy\\\/#organization\"},\"potentialAction\":[{\"@type\":\"SearchAction\",\"target\":{\"@type\":\"EntryPoint\",\"urlTemplate\":\"https:\\\/\\\/vidrosky.pl\\\/fotoobrazy\\\/?s={search_term_string}\"},\"query-input\":{\"@type\":\"PropertyValueSpecification\",\"valueRequired\":true,\"valueName\":\"search_term_string\"}}],\"inLanguage\":\"pl-PL\"},{\"@type\":\"Organization\",\"@id\":\"https:\\\/\\\/vidrosky.pl\\\/fotoobrazy\\\/#organization\",\"name\":\"Sklep online z Fotoobrazami z Nysy\",\"url\":\"https:\\\/\\\/vidrosky.pl\\\/fotoobrazy\\\/\",\"logo\":{\"@type\":\"ImageObject\",\"inLanguage\":\"pl-PL\",\"@id\":\"https:\\\/\\\/vidrosky.pl\\\/fotoobrazy\\\/#\\\/schema\\\/logo\\\/image\\\/\",\"url\":\"https:\\\/\\\/i0.wp.com\\\/vidrosky.pl\\\/fotoobrazy\\\/wp-content\\\/uploads\\\/2020\\\/09\\\/Piastowska-Palmy-1.jpg?fit=1920%2C1439&ssl=1\",\"contentUrl\":\"https:\\\/\\\/i0.wp.com\\\/vidrosky.pl\\\/fotoobrazy\\\/wp-content\\\/uploads\\\/2020\\\/09\\\/Piastowska-Palmy-1.jpg?fit=1920%2C1439&ssl=1\",\"width\":1920,\"height\":1439,\"caption\":\"Sklep online z Fotoobrazami z Nysy\"},\"image\":{\"@id\":\"https:\\\/\\\/vidrosky.pl\\\/fotoobrazy\\\/#\\\/schema\\\/logo\\\/image\\\/\"}}]}<\/script>\n<!-- \/ Yoast SEO plugin. -->","yoast_head_json":{"title":"Fotoobraz - Jezioro Nyskie o Zachodzie","description":"Obraz przedstawia widok na jezioro Nyskie o zachodzie s\u0142o\u0144ca. Na pierwszym planie wida\u0107 piaszczyst\u0105 pla\u017c\u0119, kt\u00f3ra ci\u0105gnie si\u0119 wzd\u0142u\u017c brzegu jeziora.","robots":{"index":"index","follow":"follow","max-snippet":"max-snippet:-1","max-image-preview":"max-image-preview:large","max-video-preview":"max-video-preview:-1"},"canonical":"https:\/\/vidrosky.pl\/fotoobrazy\/produkt\/jezioro-nyskie-o-zachodzie\/","og_locale":"pl_PL","og_type":"article","og_title":"Fotoobraz - Jezioro Nyskie o Zachodzie","og_description":"Obraz przedstawia widok na jezioro Nyskie o zachodzie s\u0142o\u0144ca. Na pierwszym planie wida\u0107 piaszczyst\u0105 pla\u017c\u0119, kt\u00f3ra ci\u0105gnie si\u0119 wzd\u0142u\u017c brzegu jeziora.","og_url":"https:\/\/vidrosky.pl\/fotoobrazy\/produkt\/jezioro-nyskie-o-zachodzie\/","og_site_name":"Wydruk zdj\u0119\u0107 w formie fotoobraz\u00f3w","article_modified_time":"2023-03-13T19:16:19+00:00","og_image":[{"width":1280,"height":960,"url":"https:\/\/vidrosky.pl\/fotoobrazy\/wp-content\/uploads\/2021\/08\/Fotoobraz-63.jpg","type":"image\/jpeg"}],"twitter_card":"summary_large_image","twitter_misc":{"Szacowany czas czytania":"1 minuta"},"schema":{"@context":"https:\/\/schema.org","@graph":[{"@type":"WebPage","@id":"https:\/\/vidrosky.pl\/fotoobrazy\/produkt\/jezioro-nyskie-o-zachodzie\/","url":"https:\/\/vidrosky.pl\/fotoobrazy\/produkt\/jezioro-nyskie-o-zachodzie\/","name":"Fotoobraz - Jezioro Nyskie o Zachodzie","isPartOf":{"@id":"https:\/\/vidrosky.pl\/fotoobrazy\/#website"},"primaryImageOfPage":{"@id":"https:\/\/vidrosky.pl\/fotoobrazy\/produkt\/jezioro-nyskie-o-zachodzie\/#primaryimage"},"image":{"@id":"https:\/\/vidrosky.pl\/fotoobrazy\/produkt\/jezioro-nyskie-o-zachodzie\/#primaryimage"},"thumbnailUrl":"https:\/\/i0.wp.com\/vidrosky.pl\/fotoobrazy\/wp-content\/uploads\/2021\/08\/Fotoobraz-63.jpg?fit=1280%2C960&ssl=1","datePublished":"2020-06-07T07:55:13+00:00","dateModified":"2023-03-13T19:16:19+00:00","description":"Obraz przedstawia widok na jezioro Nyskie o zachodzie s\u0142o\u0144ca. Na pierwszym planie wida\u0107 piaszczyst\u0105 pla\u017c\u0119, kt\u00f3ra ci\u0105gnie si\u0119 wzd\u0142u\u017c brzegu jeziora.","breadcrumb":{"@id":"https:\/\/vidrosky.pl\/fotoobrazy\/produkt\/jezioro-nyskie-o-zachodzie\/#breadcrumb"},"inLanguage":"pl-PL","potentialAction":[{"@type":"ReadAction","target":["https:\/\/vidrosky.pl\/fotoobrazy\/produkt\/jezioro-nyskie-o-zachodzie\/"]}]},{"@type":"ImageObject","inLanguage":"pl-PL","@id":"https:\/\/vidrosky.pl\/fotoobrazy\/produkt\/jezioro-nyskie-o-zachodzie\/#primaryimage","url":"https:\/\/i0.wp.com\/vidrosky.pl\/fotoobrazy\/wp-content\/uploads\/2021\/08\/Fotoobraz-63.jpg?fit=1280%2C960&ssl=1","contentUrl":"https:\/\/i0.wp.com\/vidrosky.pl\/fotoobrazy\/wp-content\/uploads\/2021\/08\/Fotoobraz-63.jpg?fit=1280%2C960&ssl=1","width":1280,"height":960,"caption":"Jezioro Nyskie o zachodzie s\u0142o\u0144ca"},{"@type":"BreadcrumbList","@id":"https:\/\/vidrosky.pl\/fotoobrazy\/produkt\/jezioro-nyskie-o-zachodzie\/#breadcrumb","itemListElement":[{"@type":"ListItem","position":1,"name":"Strona g\u0142\u00f3wna","item":"https:\/\/vidrosky.pl\/fotoobrazy\/"},{"@type":"ListItem","position":2,"name":"Sklep","item":"https:\/\/vidrosky.pl\/fotoobrazy\/"},{"@type":"ListItem","position":3,"name":"Fotoobraz &#8211; Jezioro Nyskie o Zachodzie"}]},{"@type":"WebSite","@id":"https:\/\/vidrosky.pl\/fotoobrazy\/#website","url":"https:\/\/vidrosky.pl\/fotoobrazy\/","name":"Wydruk zdj\u0119\u0107 w formie fotoobraz\u00f3w","description":"Zobacz obrazy z naszej kolekcji, wydrukujemy te\u017c Twoje zdj\u0119cie jako foto obraz","publisher":{"@id":"https:\/\/vidrosky.pl\/fotoobrazy\/#organization"},"potentialAction":[{"@type":"SearchAction","target":{"@type":"EntryPoint","urlTemplate":"https:\/\/vidrosky.pl\/fotoobrazy\/?s={search_term_string}"},"query-input":{"@type":"PropertyValueSpecification","valueRequired":true,"valueName":"search_term_string"}}],"inLanguage":"pl-PL"},{"@type":"Organization","@id":"https:\/\/vidrosky.pl\/fotoobrazy\/#organization","name":"Sklep online z Fotoobrazami z Nysy","url":"https:\/\/vidrosky.pl\/fotoobrazy\/","logo":{"@type":"ImageObject","inLanguage":"pl-PL","@id":"https:\/\/vidrosky.pl\/fotoobrazy\/#\/schema\/logo\/image\/","url":"https:\/\/i0.wp.com\/vidrosky.pl\/fotoobrazy\/wp-content\/uploads\/2020\/09\/Piastowska-Palmy-1.jpg?fit=1920%2C1439&ssl=1","contentUrl":"https:\/\/i0.wp.com\/vidrosky.pl\/fotoobrazy\/wp-content\/uploads\/2020\/09\/Piastowska-Palmy-1.jpg?fit=1920%2C1439&ssl=1","width":1920,"height":1439,"caption":"Sklep online z Fotoobrazami z Nysy"},"image":{"@id":"https:\/\/vidrosky.pl\/fotoobrazy\/#\/schema\/logo\/image\/"}}]}},"jetpack_sharing_enabled":true,"_links":{"self":[{"href":"https:\/\/vidrosky.pl\/fotoobrazy\/wp-json\/wp\/v2\/product\/19765","targetHints":{"allow":["GET"]}}],"collection":[{"href":"https:\/\/vidrosky.pl\/fotoobrazy\/wp-json\/wp\/v2\/product"}],"about":[{"href":"https:\/\/vidrosky.pl\/fotoobrazy\/wp-json\/wp\/v2\/types\/product"}],"replies":[{"embeddable":true,"href":"https:\/\/vidrosky.pl\/fotoobrazy\/wp-json\/wp\/v2\/comments?post=19765"}],"wp:featuredmedia":[{"embeddable":true,"href":"https:\/\/vidrosky.pl\/fotoobrazy\/wp-json\/wp\/v2\/media\/20569"}],"wp:attachment":[{"href":"https:\/\/vidrosky.pl\/fotoobrazy\/wp-json\/wp\/v2\/media?parent=19765"}],"wp:term":[{"taxonomy":"product_brand","embeddable":true,"href":"https:\/\/vidrosky.pl\/fotoobrazy\/wp-json\/wp\/v2\/product_brand?post=19765"},{"taxonomy":"product_cat","embeddable":true,"href":"https:\/\/vidrosky.pl\/fotoobrazy\/wp-json\/wp\/v2\/product_cat?post=19765"},{"taxonomy":"product_tag","embeddable":true,"href":"https:\/\/vidrosky.pl\/fotoobrazy\/wp-json\/wp\/v2\/product_tag?post=19765"}],"curies":[{"name":"wp","href":"https:\/\/api.w.org\/{rel}","templated":true}]}}