{"id":16564,"date":"2015-09-14T00:22:51","date_gmt":"2015-09-14T00:22:51","guid":{"rendered":"https:\/\/vidrosky.pl\/sklep-inspiracji\/?page_id=16564"},"modified":"2020-05-31T18:57:43","modified_gmt":"2020-05-31T16:57:43","slug":"cart","status":"publish","type":"page","link":"https:\/\/vidrosky.pl\/fotoobrazy\/cart\/","title":{"rendered":"Koszyk"},"content":{"rendered":"<div class=\"fusion-fullwidth fullwidth-box fusion-builder-row-1 nonhundred-percent-fullwidth non-hundred-percent-height-scrolling\" style=\"--awb-border-radius-top-left:0px;--awb-border-radius-top-right:0px;--awb-border-radius-bottom-right:0px;--awb-border-radius-bottom-left:0px;--awb-flex-wrap:wrap;\" ><div class=\"fusion-builder-row fusion-row\"><div class=\"fusion-layout-column fusion_builder_column fusion-builder-column-0 fusion_builder_column_1_1 1_1 fusion-one-full fusion-column-first fusion-column-last\" style=\"--awb-bg-size:cover;--awb-margin-top:0px;--awb-margin-bottom:0px;\"><div class=\"fusion-column-wrapper fusion-flex-column-wrapper-legacy\"><div class=\"fusion-text fusion-text-1\">\n<\/div><div class=\"fusion-clearfix\"><\/div><\/div><\/div><\/div><\/div>\n","protected":false},"excerpt":{"rendered":"","protected":false},"author":1,"featured_media":0,"parent":0,"menu_order":0,"comment_status":"closed","ping_status":"closed","template":"","meta":{"footnotes":""},"class_list":["post-16564","page","type-page","status-publish","hentry"],"yoast_head":"<!-- This site is optimized with the Yoast SEO plugin v27.3 - https:\/\/yoast.com\/product\/yoast-seo-wordpress\/ -->\n<title>Koszyk - Wydruk zdj\u0119\u0107 w formie fotoobraz\u00f3w<\/title>\n<meta name=\"robots\" content=\"index, follow, max-snippet:-1, max-image-preview:large, max-video-preview:-1\" \/>\n<link rel=\"canonical\" href=\"https:\/\/vidrosky.pl\/fotoobrazy\/cart\/\" \/>\n<meta property=\"og:locale\" content=\"pl_PL\" \/>\n<meta property=\"og:type\" content=\"article\" \/>\n<meta property=\"og:title\" content=\"Koszyk - Wydruk zdj\u0119\u0107 w formie fotoobraz\u00f3w\" \/>\n<meta property=\"og:url\" content=\"https:\/\/vidrosky.pl\/fotoobrazy\/cart\/\" \/>\n<meta property=\"og:site_name\" content=\"Wydruk zdj\u0119\u0107 w formie fotoobraz\u00f3w\" \/>\n<meta property=\"article:modified_time\" content=\"2020-05-31T16:57:43+00:00\" \/>\n<meta name=\"twitter:card\" content=\"summary_large_image\" \/>\n<meta name=\"twitter:label1\" content=\"Szacowany czas czytania\" \/>\n\t<meta name=\"twitter:data1\" content=\"1 minuta\" \/>\n<script type=\"application\/ld+json\" class=\"yoast-schema-graph\">{\"@context\":\"https:\\\/\\\/schema.org\",\"@graph\":[{\"@type\":\"WebPage\",\"@id\":\"https:\\\/\\\/vidrosky.pl\\\/fotoobrazy\\\/cart\\\/\",\"url\":\"https:\\\/\\\/vidrosky.pl\\\/fotoobrazy\\\/cart\\\/\",\"name\":\"Koszyk - Wydruk zdj\u0119\u0107 w formie fotoobraz\u00f3w\",\"isPartOf\":{\"@id\":\"https:\\\/\\\/vidrosky.pl\\\/fotoobrazy\\\/#website\"},\"datePublished\":\"2015-09-14T00:22:51+00:00\",\"dateModified\":\"2020-05-31T16:57:43+00:00\",\"breadcrumb\":{\"@id\":\"https:\\\/\\\/vidrosky.pl\\\/fotoobrazy\\\/cart\\\/#breadcrumb\"},\"inLanguage\":\"pl-PL\",\"potentialAction\":[{\"@type\":\"ReadAction\",\"target\":[\"https:\\\/\\\/vidrosky.pl\\\/fotoobrazy\\\/cart\\\/\"]}]},{\"@type\":\"BreadcrumbList\",\"@id\":\"https:\\\/\\\/vidrosky.pl\\\/fotoobrazy\\\/cart\\\/#breadcrumb\",\"itemListElement\":[{\"@type\":\"ListItem\",\"position\":1,\"name\":\"Strona g\u0142\u00f3wna\",\"item\":\"https:\\\/\\\/vidrosky.pl\\\/fotoobrazy\\\/\"},{\"@type\":\"ListItem\",\"position\":2,\"name\":\"Koszyk\"}]},{\"@type\":\"WebSite\",\"@id\":\"https:\\\/\\\/vidrosky.pl\\\/fotoobrazy\\\/#website\",\"url\":\"https:\\\/\\\/vidrosky.pl\\\/fotoobrazy\\\/\",\"name\":\"Wydruk zdj\u0119\u0107 w formie fotoobraz\u00f3w\",\"description\":\"Zobacz obrazy z naszej kolekcji, wydrukujemy te\u017c Twoje zdj\u0119cie jako foto obraz\",\"publisher\":{\"@id\":\"https:\\\/\\\/vidrosky.pl\\\/fotoobrazy\\\/#organization\"},\"potentialAction\":[{\"@type\":\"SearchAction\",\"target\":{\"@type\":\"EntryPoint\",\"urlTemplate\":\"https:\\\/\\\/vidrosky.pl\\\/fotoobrazy\\\/?s={search_term_string}\"},\"query-input\":{\"@type\":\"PropertyValueSpecification\",\"valueRequired\":true,\"valueName\":\"search_term_string\"}}],\"inLanguage\":\"pl-PL\"},{\"@type\":\"Organization\",\"@id\":\"https:\\\/\\\/vidrosky.pl\\\/fotoobrazy\\\/#organization\",\"name\":\"Sklep online z Fotoobrazami z Nysy\",\"url\":\"https:\\\/\\\/vidrosky.pl\\\/fotoobrazy\\\/\",\"logo\":{\"@type\":\"ImageObject\",\"inLanguage\":\"pl-PL\",\"@id\":\"https:\\\/\\\/vidrosky.pl\\\/fotoobrazy\\\/#\\\/schema\\\/logo\\\/image\\\/\",\"url\":\"https:\\\/\\\/i0.wp.com\\\/vidrosky.pl\\\/fotoobrazy\\\/wp-content\\\/uploads\\\/2020\\\/09\\\/Piastowska-Palmy-1.jpg?fit=1920%2C1439&ssl=1\",\"contentUrl\":\"https:\\\/\\\/i0.wp.com\\\/vidrosky.pl\\\/fotoobrazy\\\/wp-content\\\/uploads\\\/2020\\\/09\\\/Piastowska-Palmy-1.jpg?fit=1920%2C1439&ssl=1\",\"width\":1920,\"height\":1439,\"caption\":\"Sklep online z Fotoobrazami z Nysy\"},\"image\":{\"@id\":\"https:\\\/\\\/vidrosky.pl\\\/fotoobrazy\\\/#\\\/schema\\\/logo\\\/image\\\/\"}}]}<\/script>\n<!-- \/ Yoast SEO plugin. -->","yoast_head_json":{"title":"Koszyk - Wydruk zdj\u0119\u0107 w formie fotoobraz\u00f3w","robots":{"index":"index","follow":"follow","max-snippet":"max-snippet:-1","max-image-preview":"max-image-preview:large","max-video-preview":"max-video-preview:-1"},"canonical":"https:\/\/vidrosky.pl\/fotoobrazy\/cart\/","og_locale":"pl_PL","og_type":"article","og_title":"Koszyk - Wydruk zdj\u0119\u0107 w formie fotoobraz\u00f3w","og_url":"https:\/\/vidrosky.pl\/fotoobrazy\/cart\/","og_site_name":"Wydruk zdj\u0119\u0107 w formie fotoobraz\u00f3w","article_modified_time":"2020-05-31T16:57:43+00:00","twitter_card":"summary_large_image","twitter_misc":{"Szacowany czas czytania":"1 minuta"},"schema":{"@context":"https:\/\/schema.org","@graph":[{"@type":"WebPage","@id":"https:\/\/vidrosky.pl\/fotoobrazy\/cart\/","url":"https:\/\/vidrosky.pl\/fotoobrazy\/cart\/","name":"Koszyk - Wydruk zdj\u0119\u0107 w formie fotoobraz\u00f3w","isPartOf":{"@id":"https:\/\/vidrosky.pl\/fotoobrazy\/#website"},"datePublished":"2015-09-14T00:22:51+00:00","dateModified":"2020-05-31T16:57:43+00:00","breadcrumb":{"@id":"https:\/\/vidrosky.pl\/fotoobrazy\/cart\/#breadcrumb"},"inLanguage":"pl-PL","potentialAction":[{"@type":"ReadAction","target":["https:\/\/vidrosky.pl\/fotoobrazy\/cart\/"]}]},{"@type":"BreadcrumbList","@id":"https:\/\/vidrosky.pl\/fotoobrazy\/cart\/#breadcrumb","itemListElement":[{"@type":"ListItem","position":1,"name":"Strona g\u0142\u00f3wna","item":"https:\/\/vidrosky.pl\/fotoobrazy\/"},{"@type":"ListItem","position":2,"name":"Koszyk"}]},{"@type":"WebSite","@id":"https:\/\/vidrosky.pl\/fotoobrazy\/#website","url":"https:\/\/vidrosky.pl\/fotoobrazy\/","name":"Wydruk zdj\u0119\u0107 w formie fotoobraz\u00f3w","description":"Zobacz obrazy z naszej kolekcji, wydrukujemy te\u017c Twoje zdj\u0119cie jako foto obraz","publisher":{"@id":"https:\/\/vidrosky.pl\/fotoobrazy\/#organization"},"potentialAction":[{"@type":"SearchAction","target":{"@type":"EntryPoint","urlTemplate":"https:\/\/vidrosky.pl\/fotoobrazy\/?s={search_term_string}"},"query-input":{"@type":"PropertyValueSpecification","valueRequired":true,"valueName":"search_term_string"}}],"inLanguage":"pl-PL"},{"@type":"Organization","@id":"https:\/\/vidrosky.pl\/fotoobrazy\/#organization","name":"Sklep online z Fotoobrazami z Nysy","url":"https:\/\/vidrosky.pl\/fotoobrazy\/","logo":{"@type":"ImageObject","inLanguage":"pl-PL","@id":"https:\/\/vidrosky.pl\/fotoobrazy\/#\/schema\/logo\/image\/","url":"https:\/\/i0.wp.com\/vidrosky.pl\/fotoobrazy\/wp-content\/uploads\/2020\/09\/Piastowska-Palmy-1.jpg?fit=1920%2C1439&ssl=1","contentUrl":"https:\/\/i0.wp.com\/vidrosky.pl\/fotoobrazy\/wp-content\/uploads\/2020\/09\/Piastowska-Palmy-1.jpg?fit=1920%2C1439&ssl=1","width":1920,"height":1439,"caption":"Sklep online z Fotoobrazami z Nysy"},"image":{"@id":"https:\/\/vidrosky.pl\/fotoobrazy\/#\/schema\/logo\/image\/"}}]}},"jetpack_sharing_enabled":true,"_links":{"self":[{"href":"https:\/\/vidrosky.pl\/fotoobrazy\/wp-json\/wp\/v2\/pages\/16564","targetHints":{"allow":["GET"]}}],"collection":[{"href":"https:\/\/vidrosky.pl\/fotoobrazy\/wp-json\/wp\/v2\/pages"}],"about":[{"href":"https:\/\/vidrosky.pl\/fotoobrazy\/wp-json\/wp\/v2\/types\/page"}],"author":[{"embeddable":true,"href":"https:\/\/vidrosky.pl\/fotoobrazy\/wp-json\/wp\/v2\/users\/1"}],"replies":[{"embeddable":true,"href":"https:\/\/vidrosky.pl\/fotoobrazy\/wp-json\/wp\/v2\/comments?post=16564"}],"version-history":[{"count":1,"href":"https:\/\/vidrosky.pl\/fotoobrazy\/wp-json\/wp\/v2\/pages\/16564\/revisions"}],"predecessor-version":[{"id":19683,"href":"https:\/\/vidrosky.pl\/fotoobrazy\/wp-json\/wp\/v2\/pages\/16564\/revisions\/19683"}],"wp:attachment":[{"href":"https:\/\/vidrosky.pl\/fotoobrazy\/wp-json\/wp\/v2\/media?parent=16564"}],"curies":[{"name":"wp","href":"https:\/\/api.w.org\/{rel}","templated":true}]}}